{"id":26,"date":"2010-09-13T13:40:04","date_gmt":"2010-09-13T16:40:04","guid":{"rendered":"http:\/\/thebirdsolutions.com\/site\/?page_id=26"},"modified":"2010-09-13T22:50:47","modified_gmt":"2010-09-14T01:50:47","slug":"cultura","status":"publish","type":"page","link":"http:\/\/thebirdsolutions.com\/site\/menu-principal\/cultura\/","title":{"rendered":"Cultura"},"content":{"rendered":"<p><img loading=\"lazy\" class=\"size-full wp-image-93 floatright\" title=\"planta-cultura-200px\" src=\"http:\/\/thebirdsolutions.com\/site\/wp-content\/uploads\/2010\/09\/planta-cultura-200px.jpg\" alt=\"\" width=\"200\" height=\"134\" \/>Porque la calidad est\u00e1 en la gente que hace las cosas.<\/p>\n<p>Sabemos que cada empresa tiene su forma de pensar, de expresarse a trav\u00e9s de cada integrante, de relacionarse en equipo, y de ver las cosas de una manera que los hace \u00fanicos, y como conocemos aquel viejo dicho que dice \u201clos resultados de una compa\u00f1\u00eda son el reflejo de c\u00f3mo piensan sus integrantes\u201d es que nos inspiramos en la nota m\u00e1s sencilla pero significativa de Bali\u00f1o, la cual es nuestra referencia cultural:<\/p>\n<ul>\n<li>Actitud positiva<\/li>\n<li>Actitud de mejora continua<\/li>\n<li>Actitud de equipo<\/li>\n<li>Actitud de responsabilidad<\/li>\n<\/ul>\n","protected":false},"excerpt":{"rendered":"<p>Porque la calidad est\u00e1 en la gente que hace las cosas. Sabemos que cada empresa tiene su forma de pensar, de expresarse a trav\u00e9s de cada integrante, de relacionarse en equipo, y de ver las cosas de una manera que los hace \u00fanicos, y como conocemos aquel viejo dicho que dice \u201clos resultados de una [&hellip;]<\/p>\n","protected":false},"author":2,"featured_media":0,"parent":34,"menu_order":3,"comment_status":"open","ping_status":"closed","template":"","meta":[],"_links":{"self":[{"href":"http:\/\/thebirdsolutions.com\/site\/wp-json\/wp\/v2\/pages\/26"}],"collection":[{"href":"http:\/\/thebirdsolutions.com\/site\/wp-json\/wp\/v2\/pages"}],"about":[{"href":"http:\/\/thebirdsolutions.com\/site\/wp-json\/wp\/v2\/types\/page"}],"author":[{"embeddable":true,"href":"http:\/\/thebirdsolutions.com\/site\/wp-json\/wp\/v2\/users\/2"}],"replies":[{"embeddable":true,"href":"http:\/\/thebirdsolutions.com\/site\/wp-json\/wp\/v2\/comments?post=26"}],"version-history":[{"count":0,"href":"http:\/\/thebirdsolutions.com\/site\/wp-json\/wp\/v2\/pages\/26\/revisions"}],"up":[{"embeddable":true,"href":"http:\/\/thebirdsolutions.com\/site\/wp-json\/wp\/v2\/pages\/34"}],"wp:attachment":[{"href":"http:\/\/thebirdsolutions.com\/site\/wp-json\/wp\/v2\/media?parent=26"}],"curies":[{"name":"wp","href":"https:\/\/api.w.org\/{rel}","templated":true}]}}