{"id":4,"date":"2010-09-13T15:20:39","date_gmt":"2010-09-13T15:20:39","guid":{"rendered":"http:\/\/thebirdsolutions.com\/site\/?page_id=4"},"modified":"2010-09-13T22:58:56","modified_gmt":"2010-09-14T01:58:56","slug":"empresa","status":"publish","type":"page","link":"http:\/\/thebirdsolutions.com\/site\/menu-principal\/empresa\/","title":{"rendered":"Empresa"},"content":{"rendered":"<p><img loading=\"lazy\" class=\"floatright size-full wp-image-101\" title=\"empresa-manos\" src=\"http:\/\/thebirdsolutions.com\/site\/wp-content\/uploads\/2010\/09\/empresa-manos.jpg\" alt=\"\" width=\"200\" height=\"174\" \/>Generamos soluciones, pero por sobre todo, disfrutamos haci\u00e9ndolo.<\/p>\n<p>Somos una empresa dedicada al desarrollo de soluciones de tecnolog\u00eda de la informaci\u00f3n, al dise\u00f1o y construcci\u00f3n de componentes de software de alta especificidad, y a la gesti\u00f3n de proyectos para la integraci\u00f3n de soluciones en \u00e1reas espec\u00edficas como ser ERP y Gesti\u00f3n de Calidad.<\/p>\n<p>Transformamos conocimiento tecnol\u00f3gico y metodolog\u00eda en productos de software y proyectos implementados con indicadores de gesti\u00f3n favorables al cliente.<\/p>\n<p>Sus integrantes tienen experiencia de m\u00e1s de 10 a\u00f1os en empresas de gran porte, tanto internacional como nacional, as\u00ed como en el rubro industrial como de servicios.<\/p>\n<p>Estamos vinculados permanentemente a los actores referentes en tecnolog\u00eda, de manera de asegurar nuestra constante capacitaci\u00f3n del conocimiento aplicado.<\/p>\n<p>Hemos participado en proyectos muy relevantes para empresas espec\u00edficas del rubro tecnol\u00f3gico, lo que nos ha dado una fuerte experiencia en gesti\u00f3n y metodolog\u00eda, la cual nos permite hoy d\u00eda minimizar los riegos que una gesti\u00f3n no oportuna genera.<\/p>\n<p>Seguimos y seguiremos creciendo, pero siempre basados en la \u00e9tica y buenas pr\u00e1cticas que nos hacen ganar la confianza de nuestros clientes.<\/p>\n","protected":false},"excerpt":{"rendered":"<p>Generamos soluciones, pero por sobre todo, disfrutamos haci\u00e9ndolo. Somos una empresa dedicada al desarrollo de soluciones de tecnolog\u00eda de la informaci\u00f3n, al dise\u00f1o y construcci\u00f3n de componentes de software de alta especificidad, y a la gesti\u00f3n de proyectos para la integraci\u00f3n de soluciones en \u00e1reas espec\u00edficas como ser ERP y Gesti\u00f3n de Calidad. Transformamos conocimiento [&hellip;]<\/p>\n","protected":false},"author":1,"featured_media":0,"parent":34,"menu_order":1,"comment_status":"open","ping_status":"open","template":"","meta":[],"_links":{"self":[{"href":"http:\/\/thebirdsolutions.com\/site\/wp-json\/wp\/v2\/pages\/4"}],"collection":[{"href":"http:\/\/thebirdsolutions.com\/site\/wp-json\/wp\/v2\/pages"}],"about":[{"href":"http:\/\/thebirdsolutions.com\/site\/wp-json\/wp\/v2\/types\/page"}],"author":[{"embeddable":true,"href":"http:\/\/thebirdsolutions.com\/site\/wp-json\/wp\/v2\/users\/1"}],"replies":[{"embeddable":true,"href":"http:\/\/thebirdsolutions.com\/site\/wp-json\/wp\/v2\/comments?post=4"}],"version-history":[{"count":0,"href":"http:\/\/thebirdsolutions.com\/site\/wp-json\/wp\/v2\/pages\/4\/revisions"}],"up":[{"embeddable":true,"href":"http:\/\/thebirdsolutions.com\/site\/wp-json\/wp\/v2\/pages\/34"}],"wp:attachment":[{"href":"http:\/\/thebirdsolutions.com\/site\/wp-json\/wp\/v2\/media?parent=4"}],"curies":[{"name":"wp","href":"https:\/\/api.w.org\/{rel}","templated":true}]}}