{"id":6,"date":"2010-09-13T15:20:53","date_gmt":"2010-09-13T18:20:53","guid":{"rendered":"http:\/\/thebirdsolutions.com\/site\/?page_id=6"},"modified":"2010-09-13T23:36:59","modified_gmt":"2010-09-14T02:36:59","slug":"servicios","status":"publish","type":"page","link":"http:\/\/thebirdsolutions.com\/site\/menu-principal\/servicios\/","title":{"rendered":"Servicios"},"content":{"rendered":"<p><img loading=\"lazy\" class=\"floatright size-full wp-image-106\" title=\"llave-servicios-200px\" src=\"http:\/\/thebirdsolutions.com\/site\/wp-content\/uploads\/2010\/09\/llave-servicios-200px.jpg\" alt=\"\" width=\"200\" height=\"121\" \/>Sabemos lo que tu tiempo vale, por eso te ofrecemos el nuestro.<\/p>\n<h2>Gesti\u00f3n de Proyectos<\/h2>\n<p>Experiencia, activos de trabajo, y conocimiento aplicado es lo que brindamos para gestionar los proyectos de nuestros clientes, cuidando las caracter\u00edsticas m\u00e1s sensibles como son el tiempo, el costo, la calidad y el alcance definido.<\/p>\n<p>Nuestros servicios de Gesti\u00f3n de Proyectos permiten la implantaci\u00f3n de soluciones de tecnolog\u00eda de la informaci\u00f3n en forma natural y eficiente.<\/p>\n<p>Para esto contamos con una amplia experiencia, y utilizamos las metodolog\u00edas o modelos adecuados a la medida de cada proyecto.<\/p>\n<p>Entendiendo que lo importante es ayudar a nuestros clientes a alcanzar sus objetivos, integramos los equipos de trabajo estrat\u00e9gicamente para que los resultados impacten verdaderamente en beneficio de los responsables de proyectos de cada organizaci\u00f3n.<\/p>\n<h2>Desarrollo de Software<\/h2>\n<p>Nuestros clientes conf\u00edan en nosotros pues saben que el desarrollo de software nos apasiona. Ponemos conocimiento y trabajo en equipo, para alcanzar calidad en tiempo y costo de manera sumamente razonable.<\/p>\n<p>Desarrollamos software e integramos la tecnolog\u00eda requerida por cada cliente de manera metodol\u00f3gica, generando los niveles de calidad que cada vez son m\u00e1s solicitados por las empresas.<\/p>\n<p>Nuestra forma de trabajo metodol\u00f3gica genera confianza y aceptaci\u00f3n, que ayuda a integrar y confiar en nuestros servicios y entregables.<\/p>\n<p>Brindamos un alto conocimiento t\u00e9cnico el cual ayuda a acercar a nuestros clientes a la verdadera soluci\u00f3n y por lo tanto minimizarle costos ocultos.<\/p>\n<h2>Servicios de IT<\/h2>\n<p>Porque sabemos que las empresas depositan su confianza en quienes los entienden y ayudan, nosotros tomamos en nuestras manos aquello que tanto preocupa a nuestros clientes: la administraci\u00f3n de los recursos de infraestructura.<br \/>\nParticipamos en las tareas de gesti\u00f3n de infraestructura, de mejora, y en proyectos que aseguren un manejo acorde a las necesidades de seguridad y performance.<\/p>\n<p>Nos integramos con el equipo de cada organizaci\u00f3n, ayud\u00e1ndolos a alcanzar aquellas metas que el d\u00eda a d\u00eda muchas veces posterga.<\/p>\n<h2>Integraci\u00f3n de Soluciones<\/h2>\n<p>Facilitamos la b\u00fasqueda e implantaci\u00f3n de aquellas soluciones espec\u00edficas que las empresas saben que necesitan, pero que no saben c\u00f3mo acceder tanto a la elecci\u00f3n de manera efectiva como a la implementaci\u00f3n con el menor riesgo posible.<\/p>\n<p>Participamos en el proceso de mejora continua, desde el visionamiento hasta la implantaci\u00f3n de soluciones de variado \u00edndole.<\/p>\n<p>Buscamos con nuestros socios de negocios llevarle a nuestros clientes soluciones espec\u00edficas para:<\/p>\n<ul>\n<li>Sistemas de Gesti\u00f3n de Calidad<\/li>\n<li>Sistemas de Gesti\u00f3n Empresarial (ERP)<\/li>\n<\/ul>\n<p>Las integraci\u00f3n de soluciones se ve complementada por todo el respaldo de nuestros servicios de IT como de desarrollo de software y gesti\u00f3n de proyectos.<\/p>\n<h2>Gesti\u00f3n de Calidad<\/h2>\n<p>Sabemos que los negocios son procesos, y los procesos son Gesti\u00f3n de Calidad, ayudamos a nuestros clientes a trav\u00e9s de nuestros socios de negocios en las normas ISO 9000, ISO 14000, y dem\u00e1s relacionadas a la industria y el comercio.<\/p>\n<p>La calidad es un camino largo y continuo, y muchas veces las organizaciones se ven desbordadas por alcanzar sus objetivos primarios, por eso nosotros tenemos los medios para que usted pueda avanzar tan r\u00e1pido como lo desee, sin tener que dejar a cambio sus objetivos de negocios.<\/p>\n<h2>Outsourcing<\/h2>\n<p>Trabajamos en las oficinas de nuestros clientes, pues entendemos que estar en su ambiente es la mejor forma de conocerlo y ser as\u00ed m\u00e1s adaptables a sus necesidades.<\/p>\n<p>El outsourcing es una forma de minimizar los riesgos de entendimiento de requisitos y compromisos, y por sobre todo humanizar la relaci\u00f3n con nuestros clientes, conociendo as\u00ed quienes est\u00e1n atr\u00e1s de los servicios por los que usted invierte.<\/p>\n","protected":false},"excerpt":{"rendered":"<p>Sabemos lo que tu tiempo vale, por eso te ofrecemos el nuestro. Gesti\u00f3n de Proyectos Experiencia, activos de trabajo, y conocimiento aplicado es lo que brindamos para gestionar los proyectos de nuestros clientes, cuidando las caracter\u00edsticas m\u00e1s sensibles como son el tiempo, el costo, la calidad y el alcance definido. Nuestros servicios de Gesti\u00f3n de [&hellip;]<\/p>\n","protected":false},"author":1,"featured_media":0,"parent":34,"menu_order":4,"comment_status":"open","ping_status":"closed","template":"","meta":[],"_links":{"self":[{"href":"http:\/\/thebirdsolutions.com\/site\/wp-json\/wp\/v2\/pages\/6"}],"collection":[{"href":"http:\/\/thebirdsolutions.com\/site\/wp-json\/wp\/v2\/pages"}],"about":[{"href":"http:\/\/thebirdsolutions.com\/site\/wp-json\/wp\/v2\/types\/page"}],"author":[{"embeddable":true,"href":"http:\/\/thebirdsolutions.com\/site\/wp-json\/wp\/v2\/users\/1"}],"replies":[{"embeddable":true,"href":"http:\/\/thebirdsolutions.com\/site\/wp-json\/wp\/v2\/comments?post=6"}],"version-history":[{"count":0,"href":"http:\/\/thebirdsolutions.com\/site\/wp-json\/wp\/v2\/pages\/6\/revisions"}],"up":[{"embeddable":true,"href":"http:\/\/thebirdsolutions.com\/site\/wp-json\/wp\/v2\/pages\/34"}],"wp:attachment":[{"href":"http:\/\/thebirdsolutions.com\/site\/wp-json\/wp\/v2\/media?parent=6"}],"curies":[{"name":"wp","href":"https:\/\/api.w.org\/{rel}","templated":true}]}}